{"id":472,"date":"2025-03-29T14:40:16","date_gmt":"2025-03-29T12:40:16","guid":{"rendered":"https:\/\/kirillmelnikov24.thkit.ee\/wp\/colibri-wp\/"},"modified":"2025-06-12T10:51:30","modified_gmt":"2025-06-12T08:51:30","slug":"colibri-wp","status":"publish","type":"page","link":"https:\/\/kirillmelnikov24.thkit.ee\/wp\/","title":{"rendered":"Kodu"},"content":{"rendered":"<div data-colibri-id=\"472-c1\" class=\"style-193 style-local-472-c1 position-relative\">\n  <!---->\n  <div data-colibri-component=\"section\" data-colibri-id=\"472-c2\" id=\"custom\" class=\"h-section h-section-global-spacing d-flex align-items-lg-center align-items-md-center align-items-center style-212 style-local-472-c2 position-relative\">\n    <!---->\n    <!---->\n    <div class=\"h-section-grid-container h-section-boxed-container\">\n      <!---->\n      <div data-colibri-id=\"472-c3\" class=\"h-row-container gutters-row-lg-2 gutters-row-md-2 gutters-row-0 gutters-row-v-lg-2 gutters-row-v-md-2 gutters-row-v-2 style-213 style-local-472-c3 position-relative\">\n        <!---->\n        <div class=\"h-row justify-content-lg-center justify-content-md-center justify-content-center align-items-lg-stretch align-items-md-stretch align-items-stretch gutters-col-lg-2 gutters-col-md-2 gutters-col-0 gutters-col-v-lg-2 gutters-col-v-md-2 gutters-col-v-2\">\n          <!---->\n          <div class=\"h-column h-column-container d-flex h-col-lg-auto h-col-md-auto h-col-auto style-214-outer style-local-472-c4-outer\">\n            <div data-colibri-id=\"472-c4\" class=\"d-flex h-flex-basis h-column__inner h-px-lg-2 h-px-md-2 h-px-2 v-inner-lg-2 v-inner-md-2 v-inner-2 style-214 style-local-472-c4 position-relative\">\n              <!---->\n              <!---->\n              <div class=\"w-100 h-y-container h-column__content h-column__v-align flex-basis-100 align-self-lg-start align-self-md-start align-self-start\">\n                <!---->\n                <div data-colibri-id=\"472-c5\" class=\"d-block style-216 style-local-472-c5 position-relative h-element\">\n                  <!---->\n                  <div class=\"h-image__frame-container-outer\">\n                    <a href=\"https:\/\/mariasmolina24.thkit.ee\/wp\/\" target=\"_blank\" h-use-smooth-scroll=\"true\" class=\"image-link\">\n                      <div class=\"h-image__frame-container\">\n                        <!---->\n                        <!---->\n                        <img loading=\"lazy\" decoding=\"async\" width=\"1024\" height=\"1024\" src=\"https:\/\/kirillmelnikov24.thkit.ee\/wp\/wp-content\/uploads\/2025\/03\/photo_2025-03-29_16-01-41.jpg\" class=\"wp-image-554 style-216-image style-local-472-c5-image\" alt=\"\" srcset=\"https:\/\/kirillmelnikov24.thkit.ee\/wp\/wp-content\/uploads\/2025\/03\/photo_2025-03-29_16-01-41.jpg 1024w, https:\/\/kirillmelnikov24.thkit.ee\/wp\/wp-content\/uploads\/2025\/03\/photo_2025-03-29_16-01-41-300x300.jpg 300w, https:\/\/kirillmelnikov24.thkit.ee\/wp\/wp-content\/uploads\/2025\/03\/photo_2025-03-29_16-01-41-150x150.jpg 150w, https:\/\/kirillmelnikov24.thkit.ee\/wp\/wp-content\/uploads\/2025\/03\/photo_2025-03-29_16-01-41-768x768.jpg 768w, https:\/\/kirillmelnikov24.thkit.ee\/wp\/wp-content\/uploads\/2025\/03\/photo_2025-03-29_16-01-41-400x400.jpg 400w, https:\/\/kirillmelnikov24.thkit.ee\/wp\/wp-content\/uploads\/2025\/03\/photo_2025-03-29_16-01-41-600x600.jpg 600w, https:\/\/kirillmelnikov24.thkit.ee\/wp\/wp-content\/uploads\/2025\/03\/photo_2025-03-29_16-01-41-100x100.jpg 100w\" sizes=\"auto, (max-width: 1024px) 100vw, 1024px\" \/>\n                        <div class=\"h-image__frame h-hide-lg h-hide-md h-hide-sm style-216-frameImage style-local-472-c5-frameImage\"><\/div>\n                      <\/div>\n                      <div class=\"style-216-caption style-local-472-c5-caption\">\n                        generated by M.Smolina\n                      <\/div>\n                    <\/a>\n                  <\/div>\n                <\/div>\n              <\/div>\n            <\/div>\n          <\/div>\n          <div class=\"h-column h-column-container d-flex h-col-lg-auto h-col-md-auto h-col-auto style-215-outer style-local-472-c6-outer\">\n            <div data-colibri-id=\"472-c6\" class=\"d-flex h-flex-basis h-column__inner h-px-lg-2 h-px-md-2 h-px-2 v-inner-lg-2 v-inner-md-2 v-inner-2 style-215 style-local-472-c6 position-relative\">\n              <!---->\n              <!---->\n              <div class=\"w-100 h-y-container h-column__content h-column__v-align flex-basis-100 align-self-lg-start align-self-md-start align-self-start\">\n                <!---->\n                <div data-colibri-id=\"472-c7\" class=\"h-global-transition-all h-heading style-217 style-local-472-c7 position-relative h-element\">\n                  <!---->\n                  <div class=\"h-heading__outer style-217 style-local-472-c7\">\n                    <!---->\n                    <!---->\n                    <h6 class=\"\">01010111 01100101 01101100 01100011 01101111 01101101 01100101<\/h6>\n                  <\/div>\n                <\/div>\n                <div data-colibri-id=\"472-c8\" class=\"h-global-transition-all h-heading style-224 style-local-472-c8 position-relative h-element\">\n                  <!---->\n                  <div class=\"h-heading__outer style-224 style-local-472-c8\">\n                    <!---->\n                    <!---->\n                    <h3 class=\"\">Minust<\/h3>\n                  <\/div>\n                <\/div>\n                <div data-colibri-id=\"472-c9\" class=\"h-text h-text-component style-225 style-local-472-c9 position-relative h-element\">\n                  <!---->\n                  <!---->\n                  <div class=\"\">\n                    <p>Olen teekonnal nooremaks tarkvaraarendajaks <strong>Tallinna T\u00f6\u00f6stushariduskeskuses<\/strong>. Tehnoloogia lummab mind \u2013 selle v\u00f5ime muuta argip\u00e4ev nutikamaks, sujuvamaks ja inspireerivamaks on h\u00e4mmastav. <em>Programmeerimine on minu viis ideid ellu \u00e4ratada ja ise samal ajal areneda.<\/em><\/p>\n                  <\/div>\n                <\/div>\n              <\/div>\n            <\/div>\n          <\/div>\n        <\/div>\n      <\/div>\n    <\/div>\n  <\/div>\n  <div data-colibri-component=\"section\" data-colibri-id=\"472-c10\" id=\"custom-2\" class=\"h-section h-section-global-spacing d-flex align-items-lg-center align-items-md-center align-items-center style-226 style-local-472-c10 position-relative\">\n    <!---->\n    <!---->\n    <div class=\"h-section-grid-container h-section-boxed-container\">\n      <!---->\n      <div data-colibri-id=\"472-c11\" class=\"h-row-container gutters-row-lg-2 gutters-row-md-2 gutters-row-0 gutters-row-v-lg-2 gutters-row-v-md-2 gutters-row-v-2 style-227 style-local-472-c11 position-relative\">\n        <!---->\n        <div class=\"h-row justify-content-lg-center justify-content-md-center justify-content-center align-items-lg-stretch align-items-md-stretch align-items-stretch gutters-col-lg-2 gutters-col-md-2 gutters-col-0 gutters-col-v-lg-2 gutters-col-v-md-2 gutters-col-v-2\">\n          <!---->\n          <div class=\"h-column h-column-container d-flex h-col-lg-auto h-col-md-auto h-col-auto style-228-outer style-local-472-c12-outer\">\n            <div data-colibri-id=\"472-c12\" class=\"d-flex h-flex-basis h-column__inner h-px-lg-2 h-px-md-2 h-px-2 v-inner-lg-2 v-inner-md-2 v-inner-2 style-228 style-local-472-c12 position-relative\">\n              <!---->\n              <!---->\n              <div class=\"w-100 h-y-container h-column__content h-column__v-align flex-basis-100 align-self-lg-start align-self-md-start align-self-start\">\n                <!---->\n                <div data-colibri-id=\"472-c13\" class=\"h-global-transition-all h-heading style-231 style-local-472-c13 position-relative h-element\">\n                  <!---->\n                  <div class=\"h-heading__outer style-231 style-local-472-c13\">\n                    <!---->\n                    <!---->\n                    <h3 class=\"\">EESM\u00c4RGID JA OSKUSED<\/h3>\n                  <\/div>\n                <\/div>\n                <div data-colibri-id=\"472-c14\" class=\"h-text h-text-component style-230 style-local-472-c14 position-relative h-element\">\n                  <!---->\n                  <!---->\n                  <div class=\"\">\n                    <p><strong>Minu eesm\u00e4rk on arendada praktilisi oskusi ning kasvada arendajana, kes suudab lahendada reaalseid probleeme. Olen j\u00e4rjekindel, uudishimulik ja valmis \u00f5ppima uusi tehnoloogiaid.<\/strong><\/p>\n                    <p><strong>Oskused:<\/strong>\n                      <br> \u2013 HTML, CSS, JavaScript, Python, SQL, WordPress. (algteadmised)\n                      <br> \u2013 Git ja versioonihaldus\n                      <br> \u2013 Meeskonnat\u00f6\u00f6 ja probleemilahendus\n                      <br> \u2013 Disaini m\u00f5tlemine ja kasutajakogemuse m\u00f5istmine<\/p>\n                  <\/div>\n                <\/div>\n              <\/div>\n            <\/div>\n          <\/div>\n          <div class=\"h-column h-column-container d-flex h-col-lg-auto h-col-md-auto h-col-auto style-229-outer style-local-472-c15-outer\">\n            <div data-colibri-id=\"472-c15\" class=\"d-flex h-flex-basis h-column__inner h-px-lg-2 h-px-md-2 h-px-2 v-inner-lg-2 v-inner-md-2 v-inner-2 style-229 style-local-472-c15 position-relative\">\n              <!---->\n              <!---->\n              <div class=\"w-100 h-y-container h-column__content h-column__v-align flex-basis-100 align-self-lg-start align-self-md-start align-self-start\">\n                <!---->\n                <div data-colibri-id=\"472-c16\" class=\"d-block style-232 style-local-472-c16 position-relative h-element\">\n                  <!---->\n                  <div class=\"h-image__frame-container-outer\">\n                    <a href=\"https:\/\/annaoleks24.thkit.ee\/wp\" target=\"_blank\" h-use-smooth-scroll=\"true\" class=\"image-link\">\n                      <div class=\"h-image__frame-container\">\n                        <!---->\n                        <!---->\n                        <img loading=\"lazy\" decoding=\"async\" width=\"1024\" height=\"1024\" src=\"https:\/\/kirillmelnikov24.thkit.ee\/wp\/wp-content\/uploads\/2025\/03\/photo_2025-03-24_03-16-29.jpg\" class=\"wp-image-555 style-232-image style-local-472-c16-image\" alt=\"\" srcset=\"https:\/\/kirillmelnikov24.thkit.ee\/wp\/wp-content\/uploads\/2025\/03\/photo_2025-03-24_03-16-29.jpg 1024w, https:\/\/kirillmelnikov24.thkit.ee\/wp\/wp-content\/uploads\/2025\/03\/photo_2025-03-24_03-16-29-300x300.jpg 300w, https:\/\/kirillmelnikov24.thkit.ee\/wp\/wp-content\/uploads\/2025\/03\/photo_2025-03-24_03-16-29-150x150.jpg 150w, https:\/\/kirillmelnikov24.thkit.ee\/wp\/wp-content\/uploads\/2025\/03\/photo_2025-03-24_03-16-29-768x768.jpg 768w, https:\/\/kirillmelnikov24.thkit.ee\/wp\/wp-content\/uploads\/2025\/03\/photo_2025-03-24_03-16-29-400x400.jpg 400w, https:\/\/kirillmelnikov24.thkit.ee\/wp\/wp-content\/uploads\/2025\/03\/photo_2025-03-24_03-16-29-600x600.jpg 600w, https:\/\/kirillmelnikov24.thkit.ee\/wp\/wp-content\/uploads\/2025\/03\/photo_2025-03-24_03-16-29-100x100.jpg 100w\" sizes=\"auto, (max-width: 1024px) 100vw, 1024px\" \/>\n                        <div class=\"h-image__frame h-hide-lg h-hide-md h-hide-sm style-232-frameImage style-local-472-c16-frameImage\"><\/div>\n                      <\/div>\n                      <div class=\"style-232-caption style-local-472-c16-caption\">\n                        generated by A.Oleks\n                      <\/div>\n                    <\/a>\n                  <\/div>\n                <\/div>\n              <\/div>\n            <\/div>\n          <\/div>\n        <\/div>\n      <\/div>\n    <\/div>\n  <\/div>\n<\/div>","protected":false},"excerpt":{"rendered":"<p>generated by M.Smolina 01010111 01100101 01101100 01100011 01101111 01101101 01100101 Minust Olen teekonnal nooremaks tarkvaraarendajaks Tallinna T\u00f6\u00f6stushariduskeskuses. Tehnoloogia lummab mind \u2013 selle v\u00f5ime muuta argip\u00e4ev nutikamaks, sujuvamaks ja inspireerivamaks on h\u00e4mmastav. Programmeerimine on minu viis ideid ellu \u00e4ratada ja ise samal ajal areneda. EESM\u00c4RGID JA OSKUSED Minu eesm\u00e4rk on arendada praktilisi oskusi ning kasvada arendajana, [&hellip;]<\/p>\n","protected":false},"author":1,"featured_media":0,"parent":0,"menu_order":0,"comment_status":"closed","ping_status":"closed","template":"page-templates\/homepage.php","meta":{"footnotes":""},"class_list":["post-472","page","type-page","status-publish","hentry"],"yoast_head":"<!-- This site is optimized with the Yoast SEO plugin v27.0 - https:\/\/yoast.com\/product\/yoast-seo-wordpress\/ -->\n<title>Kodu - Kirill Melnikov | PORTFOOLIO | EE<\/title>\n<meta name=\"robots\" content=\"index, follow, max-snippet:-1, max-image-preview:large, max-video-preview:-1\" \/>\n<link rel=\"canonical\" href=\"https:\/\/kirillmelnikov24.thkit.ee\/wp\/\" \/>\n<meta property=\"og:locale\" content=\"et_EE\" \/>\n<meta property=\"og:type\" content=\"article\" \/>\n<meta property=\"og:title\" content=\"Kodu - Kirill Melnikov | PORTFOOLIO | EE\" \/>\n<meta property=\"og:description\" content=\"generated by M.Smolina 01010111 01100101 01101100 01100011 01101111 01101101 01100101 Minust Olen teekonnal nooremaks tarkvaraarendajaks Tallinna T\u00f6\u00f6stushariduskeskuses. Tehnoloogia lummab mind \u2013 selle v\u00f5ime muuta argip\u00e4ev nutikamaks, sujuvamaks ja inspireerivamaks on h\u00e4mmastav. Programmeerimine on minu viis ideid ellu \u00e4ratada ja ise samal ajal areneda. EESM\u00c4RGID JA OSKUSED Minu eesm\u00e4rk on arendada praktilisi oskusi ning kasvada arendajana, [&hellip;]\" \/>\n<meta property=\"og:url\" content=\"https:\/\/kirillmelnikov24.thkit.ee\/wp\/\" \/>\n<meta property=\"og:site_name\" content=\"Kirill Melnikov | PORTFOOLIO | EE\" \/>\n<meta property=\"article:modified_time\" content=\"2025-06-12T08:51:30+00:00\" \/>\n<meta property=\"og:image\" content=\"https:\/\/kirillmelnikov24.thkit.ee\/wp\/wp-content\/uploads\/2025\/03\/photo_2025-03-29_16-01-41.jpg\" \/>\n\t<meta property=\"og:image:width\" content=\"1024\" \/>\n\t<meta property=\"og:image:height\" content=\"1024\" \/>\n\t<meta property=\"og:image:type\" content=\"image\/jpeg\" \/>\n<meta name=\"twitter:card\" content=\"summary_large_image\" \/>\n<meta name=\"twitter:label1\" content=\"Est. reading time\" \/>\n\t<meta name=\"twitter:data1\" content=\"1 minut\" \/>\n<script type=\"application\/ld+json\" class=\"yoast-schema-graph\">{\"@context\":\"https:\/\/schema.org\",\"@graph\":[{\"@type\":\"WebPage\",\"@id\":\"https:\/\/kirillmelnikov24.thkit.ee\/wp\/\",\"url\":\"https:\/\/kirillmelnikov24.thkit.ee\/wp\/\",\"name\":\"Kodu - Kirill Melnikov | PORTFOOLIO | EE\",\"isPartOf\":{\"@id\":\"https:\/\/kirillmelnikov24.thkit.ee\/wp\/#website\"},\"primaryImageOfPage\":{\"@id\":\"https:\/\/kirillmelnikov24.thkit.ee\/wp\/#primaryimage\"},\"image\":{\"@id\":\"https:\/\/kirillmelnikov24.thkit.ee\/wp\/#primaryimage\"},\"thumbnailUrl\":\"https:\/\/kirillmelnikov24.thkit.ee\/wp\/wp-content\/uploads\/2025\/03\/photo_2025-03-29_16-01-41.jpg\",\"datePublished\":\"2025-03-29T12:40:16+00:00\",\"dateModified\":\"2025-06-12T08:51:30+00:00\",\"breadcrumb\":{\"@id\":\"https:\/\/kirillmelnikov24.thkit.ee\/wp\/#breadcrumb\"},\"inLanguage\":\"et\",\"potentialAction\":[{\"@type\":\"ReadAction\",\"target\":[\"https:\/\/kirillmelnikov24.thkit.ee\/wp\/\"]}]},{\"@type\":\"ImageObject\",\"inLanguage\":\"et\",\"@id\":\"https:\/\/kirillmelnikov24.thkit.ee\/wp\/#primaryimage\",\"url\":\"https:\/\/kirillmelnikov24.thkit.ee\/wp\/wp-content\/uploads\/2025\/03\/photo_2025-03-29_16-01-41.jpg\",\"contentUrl\":\"https:\/\/kirillmelnikov24.thkit.ee\/wp\/wp-content\/uploads\/2025\/03\/photo_2025-03-29_16-01-41.jpg\",\"width\":1024,\"height\":1024,\"caption\":\"generated by M.Smolina\"},{\"@type\":\"BreadcrumbList\",\"@id\":\"https:\/\/kirillmelnikov24.thkit.ee\/wp\/#breadcrumb\",\"itemListElement\":[{\"@type\":\"ListItem\",\"position\":1,\"name\":\"Home\",\"item\":\"https:\/\/kirillmelnikov24.thkit.ee\/wp\/\"},{\"@type\":\"ListItem\",\"position\":2,\"name\":\"Kodu\"}]},{\"@type\":\"WebSite\",\"@id\":\"https:\/\/kirillmelnikov24.thkit.ee\/wp\/#website\",\"url\":\"https:\/\/kirillmelnikov24.thkit.ee\/wp\/\",\"name\":\"KIRILL MELNIKOV | PORTFOOLIO | EE\",\"description\":\"Noorem Tarkvaraarendaja Eriala\",\"publisher\":{\"@id\":\"https:\/\/kirillmelnikov24.thkit.ee\/wp\/#organization\"},\"potentialAction\":[{\"@type\":\"SearchAction\",\"target\":{\"@type\":\"EntryPoint\",\"urlTemplate\":\"https:\/\/kirillmelnikov24.thkit.ee\/wp\/?s={search_term_string}\"},\"query-input\":{\"@type\":\"PropertyValueSpecification\",\"valueRequired\":true,\"valueName\":\"search_term_string\"}}],\"inLanguage\":\"et\"},{\"@type\":\"Organization\",\"@id\":\"https:\/\/kirillmelnikov24.thkit.ee\/wp\/#organization\",\"name\":\"KIRILL MELNIKOV | PORTFOOLIO | EE\",\"url\":\"https:\/\/kirillmelnikov24.thkit.ee\/wp\/\",\"logo\":{\"@type\":\"ImageObject\",\"inLanguage\":\"et\",\"@id\":\"https:\/\/kirillmelnikov24.thkit.ee\/wp\/#\/schema\/logo\/image\/\",\"url\":\"https:\/\/kirillmelnikov24.thkit.ee\/wp\/wp-content\/uploads\/2025\/03\/4-.png\",\"contentUrl\":\"https:\/\/kirillmelnikov24.thkit.ee\/wp\/wp-content\/uploads\/2025\/03\/4-.png\",\"width\":1200,\"height\":1200,\"caption\":\"KIRILL MELNIKOV | PORTFOOLIO | EE\"},\"image\":{\"@id\":\"https:\/\/kirillmelnikov24.thkit.ee\/wp\/#\/schema\/logo\/image\/\"}}]}<\/script>\n<!-- \/ Yoast SEO plugin. -->","yoast_head_json":{"title":"Kodu - Kirill Melnikov | PORTFOOLIO | EE","robots":{"index":"index","follow":"follow","max-snippet":"max-snippet:-1","max-image-preview":"max-image-preview:large","max-video-preview":"max-video-preview:-1"},"canonical":"https:\/\/kirillmelnikov24.thkit.ee\/wp\/","og_locale":"et_EE","og_type":"article","og_title":"Kodu - Kirill Melnikov | PORTFOOLIO | EE","og_description":"generated by M.Smolina 01010111 01100101 01101100 01100011 01101111 01101101 01100101 Minust Olen teekonnal nooremaks tarkvaraarendajaks Tallinna T\u00f6\u00f6stushariduskeskuses. Tehnoloogia lummab mind \u2013 selle v\u00f5ime muuta argip\u00e4ev nutikamaks, sujuvamaks ja inspireerivamaks on h\u00e4mmastav. Programmeerimine on minu viis ideid ellu \u00e4ratada ja ise samal ajal areneda. EESM\u00c4RGID JA OSKUSED Minu eesm\u00e4rk on arendada praktilisi oskusi ning kasvada arendajana, [&hellip;]","og_url":"https:\/\/kirillmelnikov24.thkit.ee\/wp\/","og_site_name":"Kirill Melnikov | PORTFOOLIO | EE","article_modified_time":"2025-06-12T08:51:30+00:00","og_image":[{"width":1024,"height":1024,"url":"https:\/\/kirillmelnikov24.thkit.ee\/wp\/wp-content\/uploads\/2025\/03\/photo_2025-03-29_16-01-41.jpg","type":"image\/jpeg"}],"twitter_card":"summary_large_image","twitter_misc":{"Est. reading time":"1 minut"},"schema":{"@context":"https:\/\/schema.org","@graph":[{"@type":"WebPage","@id":"https:\/\/kirillmelnikov24.thkit.ee\/wp\/","url":"https:\/\/kirillmelnikov24.thkit.ee\/wp\/","name":"Kodu - Kirill Melnikov | PORTFOOLIO | EE","isPartOf":{"@id":"https:\/\/kirillmelnikov24.thkit.ee\/wp\/#website"},"primaryImageOfPage":{"@id":"https:\/\/kirillmelnikov24.thkit.ee\/wp\/#primaryimage"},"image":{"@id":"https:\/\/kirillmelnikov24.thkit.ee\/wp\/#primaryimage"},"thumbnailUrl":"https:\/\/kirillmelnikov24.thkit.ee\/wp\/wp-content\/uploads\/2025\/03\/photo_2025-03-29_16-01-41.jpg","datePublished":"2025-03-29T12:40:16+00:00","dateModified":"2025-06-12T08:51:30+00:00","breadcrumb":{"@id":"https:\/\/kirillmelnikov24.thkit.ee\/wp\/#breadcrumb"},"inLanguage":"et","potentialAction":[{"@type":"ReadAction","target":["https:\/\/kirillmelnikov24.thkit.ee\/wp\/"]}]},{"@type":"ImageObject","inLanguage":"et","@id":"https:\/\/kirillmelnikov24.thkit.ee\/wp\/#primaryimage","url":"https:\/\/kirillmelnikov24.thkit.ee\/wp\/wp-content\/uploads\/2025\/03\/photo_2025-03-29_16-01-41.jpg","contentUrl":"https:\/\/kirillmelnikov24.thkit.ee\/wp\/wp-content\/uploads\/2025\/03\/photo_2025-03-29_16-01-41.jpg","width":1024,"height":1024,"caption":"generated by M.Smolina"},{"@type":"BreadcrumbList","@id":"https:\/\/kirillmelnikov24.thkit.ee\/wp\/#breadcrumb","itemListElement":[{"@type":"ListItem","position":1,"name":"Home","item":"https:\/\/kirillmelnikov24.thkit.ee\/wp\/"},{"@type":"ListItem","position":2,"name":"Kodu"}]},{"@type":"WebSite","@id":"https:\/\/kirillmelnikov24.thkit.ee\/wp\/#website","url":"https:\/\/kirillmelnikov24.thkit.ee\/wp\/","name":"KIRILL MELNIKOV | PORTFOOLIO | EE","description":"Noorem Tarkvaraarendaja Eriala","publisher":{"@id":"https:\/\/kirillmelnikov24.thkit.ee\/wp\/#organization"},"potentialAction":[{"@type":"SearchAction","target":{"@type":"EntryPoint","urlTemplate":"https:\/\/kirillmelnikov24.thkit.ee\/wp\/?s={search_term_string}"},"query-input":{"@type":"PropertyValueSpecification","valueRequired":true,"valueName":"search_term_string"}}],"inLanguage":"et"},{"@type":"Organization","@id":"https:\/\/kirillmelnikov24.thkit.ee\/wp\/#organization","name":"KIRILL MELNIKOV | PORTFOOLIO | EE","url":"https:\/\/kirillmelnikov24.thkit.ee\/wp\/","logo":{"@type":"ImageObject","inLanguage":"et","@id":"https:\/\/kirillmelnikov24.thkit.ee\/wp\/#\/schema\/logo\/image\/","url":"https:\/\/kirillmelnikov24.thkit.ee\/wp\/wp-content\/uploads\/2025\/03\/4-.png","contentUrl":"https:\/\/kirillmelnikov24.thkit.ee\/wp\/wp-content\/uploads\/2025\/03\/4-.png","width":1200,"height":1200,"caption":"KIRILL MELNIKOV | PORTFOOLIO | EE"},"image":{"@id":"https:\/\/kirillmelnikov24.thkit.ee\/wp\/#\/schema\/logo\/image\/"}}]}},"_links":{"self":[{"href":"https:\/\/kirillmelnikov24.thkit.ee\/wp\/wp-json\/wp\/v2\/pages\/472","targetHints":{"allow":["GET"]}}],"collection":[{"href":"https:\/\/kirillmelnikov24.thkit.ee\/wp\/wp-json\/wp\/v2\/pages"}],"about":[{"href":"https:\/\/kirillmelnikov24.thkit.ee\/wp\/wp-json\/wp\/v2\/types\/page"}],"author":[{"embeddable":true,"href":"https:\/\/kirillmelnikov24.thkit.ee\/wp\/wp-json\/wp\/v2\/users\/1"}],"replies":[{"embeddable":true,"href":"https:\/\/kirillmelnikov24.thkit.ee\/wp\/wp-json\/wp\/v2\/comments?post=472"}],"version-history":[{"count":20,"href":"https:\/\/kirillmelnikov24.thkit.ee\/wp\/wp-json\/wp\/v2\/pages\/472\/revisions"}],"predecessor-version":[{"id":1600,"href":"https:\/\/kirillmelnikov24.thkit.ee\/wp\/wp-json\/wp\/v2\/pages\/472\/revisions\/1600"}],"wp:attachment":[{"href":"https:\/\/kirillmelnikov24.thkit.ee\/wp\/wp-json\/wp\/v2\/media?parent=472"}],"curies":[{"name":"wp","href":"https:\/\/api.w.org\/{rel}","templated":true}]}}